{"id":16847,"date":"2020-06-05T15:26:44","date_gmt":"2020-06-05T18:26:44","guid":{"rendered":"https:\/\/www.hoteisvillareal.com.br\/contato\/"},"modified":"2020-06-05T15:26:44","modified_gmt":"2020-06-05T18:26:44","slug":"contato","status":"publish","type":"page","link":"https:\/\/hoteisvillareal.com.br\/es\/contato\/","title":{"rendered":"Contato"},"content":{"rendered":"\n<p><strong>Seu coment\u00e1rio, sugest\u00e3o ou d\u00favida s\u00e3o essenciais para podermos melhorar a sua experi\u00eancia em nossos hot\u00e9is!<\/strong><\/p>\n","protected":false},"excerpt":{"rendered":"<p>Seu coment\u00e1rio, sugest\u00e3o ou d\u00favida s\u00e3o essenciais para podermos melhorar a sua experi\u00eancia em nossos hot\u00e9is!<\/p>\n","protected":false},"author":1,"featured_media":16106,"parent":0,"menu_order":0,"comment_status":"closed","ping_status":"closed","template":"","meta":{"footnotes":""},"class_list":["post-16847","page","type-page","status-publish","has-post-thumbnail","hentry"],"acf":[],"_links":{"self":[{"href":"https:\/\/hoteisvillareal.com.br\/es\/wp-json\/wp\/v2\/pages\/16847","targetHints":{"allow":["GET"]}}],"collection":[{"href":"https:\/\/hoteisvillareal.com.br\/es\/wp-json\/wp\/v2\/pages"}],"about":[{"href":"https:\/\/hoteisvillareal.com.br\/es\/wp-json\/wp\/v2\/types\/page"}],"author":[{"embeddable":true,"href":"https:\/\/hoteisvillareal.com.br\/es\/wp-json\/wp\/v2\/users\/1"}],"replies":[{"embeddable":true,"href":"https:\/\/hoteisvillareal.com.br\/es\/wp-json\/wp\/v2\/comments?post=16847"}],"version-history":[{"count":0,"href":"https:\/\/hoteisvillareal.com.br\/es\/wp-json\/wp\/v2\/pages\/16847\/revisions"}],"wp:featuredmedia":[{"embeddable":true,"href":"https:\/\/hoteisvillareal.com.br\/es\/wp-json\/wp\/v2\/media\/16106"}],"wp:attachment":[{"href":"https:\/\/hoteisvillareal.com.br\/es\/wp-json\/wp\/v2\/media?parent=16847"}],"curies":[{"name":"wp","href":"https:\/\/api.w.org\/{rel}","templated":true}]}}